{"id":350646,"date":"2016-02-07T10:25:55","date_gmt":"2016-02-07T10:25:55","guid":{"rendered":"http:\/\/www.morgantecnica.com\/software\/"},"modified":"2025-07-01T12:21:27","modified_gmt":"2025-07-01T10:21:27","slug":"software","status":"publish","type":"page","link":"https:\/\/www.morgantecnica.com\/es\/productos\/software\/","title":{"rendered":"Software"},"content":{"rendered":"<div class=\"wpb-content-wrapper\"><p>[vc_row row_type=\u00bbrow\u00bb use_row_as_full_screen_section=\u00bbno\u00bb type=\u00bbgrid\u00bb text_align=\u00bbleft\u00bb background_color=\u00bb#f9f9f9&#8243; border_color=\u00bb#c8c9cb\u00bb padding_top=\u00bb40&#8243; padding_bottom=\u00bb0&#8243; box_shadow_on_row=\u00bbno\u00bb][vc_column width=\u00bb2\/3&#8243; css=\u00bb.vc_custom_1452790718465{padding-top: 40px !important;padding-bottom: 40px !important;}\u00bb][vc_column_text el_class=\u00bbuppercase\u00bb]<\/p>\n<h2>SOFTWARE DE ALTO RENDIMIENTO<\/h2>\n<p>[\/vc_column_text][vc_separator type=\u00bbtransparent\u00bb up=\u00bb20&#8243; up_style=\u00bbpx\u00bb down=\u00bb0&#8243; down_style=\u00bbpx\u00bb][vc_column_text css=\u00bb\u00bb]<\/p>\n<h4>Morgan Tecnica ofrece una amplia gama de paquetes de software completamente integrados y altamente personalizables, ideales para optimizar la producci\u00f3n, gestionar la funcionalidad de cada m\u00e1quina, asistir en el dise\u00f1o y facilitar la colocaci\u00f3n autom\u00e1tica. Nuestro software est\u00e1 dise\u00f1ado para apoyar a las empresas durante todo el ciclo de vida del producto, desde la creaci\u00f3n hasta la producci\u00f3n y, finalmente, la venta. Es importante destacar que todo el software de Morgan Tecnica se desarrolla internamente, garantizando soluciones a medida para diversas necesidades de producci\u00f3n. La empresa se compromete a valorar tanto el presente como el futuro de las empresas, con una atenci\u00f3n constante a la excelencia.<\/h4>\n<p>[\/vc_column_text][\/vc_column][vc_column width=\u00bb1\/3&#8243; css=\u00bb.vc_custom_1693899794044{background-position: 0 0 !important;background-repeat: no-repeat !important;}\u00bb]<div class=\"ult-spacer spacer-69f599d1030a3\" data-id=\"69f599d1030a3\" data-height=\"60\" data-height-mobile=\"60\" data-height-tab=\"60\" data-height-tab-portrait=\"\" data-height-mobile-landscape=\"\" style=\"clear:both;display:block;\"><\/div>[vc_single_image image=\u00bb365866&#8243; img_size=\u00bbmedium\u00bb alignment=\u00bbcenter\u00bb css=\u00bb\u00bb]<div class=\"ult-spacer spacer-69f599d1030c8\" data-id=\"69f599d1030c8\" data-height=\"60\" data-height-mobile=\"60\" data-height-tab=\"60\" data-height-tab-portrait=\"\" data-height-mobile-landscape=\"\" style=\"clear:both;display:block;\"><\/div>[\/vc_column][\/vc_row][vc_row row_type=\u00bbrow\u00bb use_row_as_full_screen_section=\u00bbno\u00bb type=\u00bbgrid\u00bb text_align=\u00bbcenter\u00bb padding_top=\u00bb40&#8243; padding_bottom=\u00bb40&#8243; box_shadow_on_row=\u00bbno\u00bb][vc_column width=\u00bb1\/3&#8243;][vc_single_image image=\u00bb363736&#8243; img_size=\u00bblarge\u00bb alignment=\u00bbcenter\u00bb onclick=\u00bbcustom_link\u00bb link=\u00bbhttps:\/\/www.morgantecnica.com\/es\/2capture\/\u00bb][vc_separator type=\u00bbtransparent\u00bb up=\u00bb5&#8243; up_style=\u00bbpx\u00bb down_style=\u00bbpx\u00bb][vc_column_text el_class=\u00bbuppercase\u00bb]<strong><a style=\"color: #e96d3a;\" href=\"https:\/\/www.morgantecnica.com\/es\/2capture\/\">2CAPTURE<\/a><\/strong>[\/vc_column_text][vc_separator type=\u00bbsmall\u00bb position=\u00bbcenter\u00bb up=\u00bb20&#8243; up_style=\u00bbpx\u00bb down_style=\u00bbpx\u00bb][vc_column_text]Tome una foto con su c\u00e1mara, c\u00e1mara web o smartphone para capturar sus patrones sin ninguna configuraci\u00f3n ni calibraci\u00f3n[\/vc_column_text][\/vc_column][vc_column width=\u00bb1\/3&#8243;][vc_single_image image=\u00bb364493&#8243; img_size=\u00bbfull\u00bb alignment=\u00bbcenter\u00bb onclick=\u00bbcustom_link\u00bb link=\u00bb\/es\/2delight\/\u00bb][vc_separator type=\u00bbtransparent\u00bb up=\u00bb5&#8243; up_style=\u00bbpx\u00bb down_style=\u00bbpx\u00bb][vc_column_text el_class=\u00bbuppercase\u00bb]<strong><a class=\"color-2delight\" href=\"https:\/\/www.morgantecnica.com\/es\/?page_id=368202\">2DeLight<\/a><\/strong>[\/vc_column_text][vc_separator type=\u00bbsmall\u00bb position=\u00bbcenter\u00bb up=\u00bb20&#8243; up_style=\u00bbpx\u00bb down_style=\u00bbpx\u00bb][vc_column_text]La soluci\u00f3n plug-and-go para tus proyectos en 2D.[\/vc_column_text][\/vc_column][vc_column width=\u00bb1\/3&#8243;][vc_single_image image=\u00bb361303&#8243; img_size=\u00bbfull\u00bb alignment=\u00bbcenter\u00bb onclick=\u00bbcustom_link\u00bb link=\u00bb\/es\/2design\/\u00bb][vc_separator type=\u00bbtransparent\u00bb up=\u00bb5&#8243; up_style=\u00bbpx\u00bb down_style=\u00bbpx\u00bb][vc_column_text el_class=\u00bbuppercase\u00bb]<strong><a class=\"color-2design\" href=\"https:\/\/www.morgantecnica.com\/es\/2tetrix\/\">2Design<\/a><\/strong>[\/vc_column_text][vc_separator type=\u00bbsmall\u00bb position=\u00bbcenter\u00bb up=\u00bb20&#8243; up_style=\u00bbpx\u00bb down_style=\u00bbpx\u00bb][vc_column_text]2Design es el resultado de d\u00e9cadas de experiencia y un gran know-how en Patronaje y marcadas[\/vc_column_text][\/vc_column][\/vc_row][vc_row row_type=\u00bbrow\u00bb use_row_as_full_screen_section=\u00bbno\u00bb type=\u00bbgrid\u00bb text_align=\u00bbcenter\u00bb padding_top=\u00bb40&#8243; padding_bottom=\u00bb40&#8243; box_shadow_on_row=\u00bbno\u00bb][vc_column width=\u00bb1\/3&#8243;][vc_single_image image=\u00bb363740&#8243; img_size=\u00bbfull\u00bb alignment=\u00bbcenter\u00bb onclick=\u00bbcustom_link\u00bb link=\u00bbhttps:\/\/www.morgantecnica.com\/es\/2tetrix\/\u00bb][vc_separator type=\u00bbtransparent\u00bb up=\u00bb5&#8243; up_style=\u00bbpx\u00bb down_style=\u00bbpx\u00bb][vc_column_text el_class=\u00bbuppercase\u00bb]<strong><a class=\"color-2tetrix\" style=\"color: #407b51;\" href=\"https:\/\/www.morgantecnica.com\/es\/2tetrix\/\">2TETRIX<\/a><\/strong>[\/vc_column_text][vc_separator type=\u00bbsmall\u00bb position=\u00bbcenter\u00bb up=\u00bb20&#8243; up_style=\u00bbpx\u00bb down_style=\u00bbpx\u00bb][vc_column_text]El m\u00f3dulo de creaci\u00f3n de marcadas manuales o autom\u00e1ticas que completa la soluci\u00f3n 2D de Morgantecnica[\/vc_column_text][\/vc_column][vc_column width=\u00bb1\/3&#8243;][vc_single_image image=\u00bb361249&#8243; img_size=\u00bblarge\u00bb alignment=\u00bbcenter\u00bb onclick=\u00bbcustom_link\u00bb link=\u00bb\/es\/mastermind\/\u00bb][vc_separator type=\u00bbtransparent\u00bb up=\u00bb5&#8243; up_style=\u00bbpx\u00bb down_style=\u00bbpx\u00bb][vc_column_text el_class=\u00bbuppercase\u00bb]<strong><a href=\"https:\/\/www.morgantecnica.com\/es\/mastermind\/\">MASTERMIND<\/a><\/strong>[\/vc_column_text][vc_separator type=\u00bbsmall\u00bb position=\u00bbcenter\u00bb up=\u00bb20&#8243; up_style=\u00bbpx\u00bb down_style=\u00bbpx\u00bb][vc_column_text]Mastermind, la soluci\u00f3n software para la gesti\u00f3n de salas de corte[\/vc_column_text][\/vc_column][vc_column width=\u00bb1\/3&#8243;][vc_separator type=\u00bbtransparent\u00bb up=\u00bb5&#8243; up_style=\u00bbpx\u00bb down_style=\u00bbpx\u00bb][\/vc_column][\/vc_row][vc_row row_type=\u00bbrow\u00bb use_row_as_full_screen_section=\u00bbno\u00bb type=\u00bbfull_width\u00bb text_align=\u00bbleft\u00bb background_color=\u00bb#000000&#8243; box_shadow_on_row=\u00bbno\u00bb][vc_column][vc_row_inner row_type=\u00bbrow\u00bb type=\u00bbgrid\u00bb use_row_as_full_screen_section_slide=\u00bbno\u00bb text_align=\u00bbcenter\u00bb box_shadow_on_row=\u00bbno\u00bb][vc_column_inner][vc_empty_space height=\u00bb60px\u00bb image_repeat=\u00bbno-repeat\u00bb]<div id=\"ultimate-heading-640769f599d1030f5\" class=\"uvc-heading ult-adjust-bottom-margin ultimate-heading-640769f599d1030f5 uvc-5036 \" data-hspacer=\"no_spacer\"  data-halign=\"center\" style=\"text-align:center\"><div class=\"uvc-heading-spacer no_spacer\" style=\"top\"><\/div><div class=\"uvc-main-heading ult-responsive\"  data-ultimate-target='.uvc-heading.ultimate-heading-640769f599d1030f5 h3'  data-responsive-json-new='{\"font-size\":\"\",\"line-height\":\"\"}' ><h3 style=\"font-weight:normal;color:#FFFFFF;\">HERRAMIENTAS CAD PARA MODELISTAS, DISE\u00d1ADORES Y PROFESIONALES DE LA SALA DE CORTE<\/h3><\/div><\/div>[vc_empty_space height=\u00bb30px\u00bb image_repeat=\u00bbno-repeat\u00bb]<a href=\"https:\/\/morgan-dynamics.com\" target=\"_blank\"  class=\"qbutton  small qbutton_with_icon icon_right rotate_text_and_icon animate_button\" style=\"border-color: #d8d8d8; background-color: #ED1A3B;\">\n\t\t<span class=\"text_holder\"><span class=\"a_overlay\" style=\"\"><\/span><span>DESCUBRE LA VERSI\u00d3N DE PRUEBA GRATUITA<\/span><span style=\"\" class=\"hidden_text\">DESCUBRE LA VERSI\u00d3N DE PRUEBA GRATUITA<\/span><\/span>\n\t\t<span class=\"icon_holder\" style=\"border-left-color: #d8d8d8; \"><span  style=\"\"><span aria-hidden=\"true\" class=\"eltd_icon_font_elegant arrow_carrot-2right button_icon\" style=\"\" ><\/span><\/span><span style=\"\" class=\"hidden_icon\"><span aria-hidden=\"true\" class=\"eltd_icon_font_elegant arrow_carrot-2right button_icon\" style=\"\" ><\/span><\/span><\/span><\/a>[vc_empty_space height=\u00bb60px\u00bb image_repeat=\u00bbno-repeat\u00bb][\/vc_column_inner][\/vc_row_inner][\/vc_column][\/vc_row][vc_row row_type=\u00bbrow\u00bb use_row_as_full_screen_section=\u00bbno\u00bb type=\u00bbfull_width\u00bb text_align=\u00bbleft\u00bb box_shadow_on_row=\u00bbno\u00bb][vc_column]<div class=\"ult-spacer spacer-69f599d10316b\" data-id=\"69f599d10316b\" data-height=\"60\" data-height-mobile=\"60\" data-height-tab=\"60\" data-height-tab-portrait=\"\" data-height-mobile-landscape=\"\" style=\"clear:both;display:block;\"><\/div>[vc_row_inner row_type=\u00bbrow\u00bb type=\u00bbgrid\u00bb use_row_as_full_screen_section_slide=\u00bbno\u00bb text_align=\u00bbleft\u00bb box_shadow_on_row=\u00bbno\u00bb][vc_column_inner][vc_video link=\u00bbhttps:\/\/www.youtube.com\/watch?v=M0Q5MWOFGGg\u00bb css=\u00bb\u00bb][\/vc_column_inner][\/vc_row_inner]<div class=\"ult-spacer spacer-69f599d10317e\" data-id=\"69f599d10317e\" data-height=\"60\" data-height-mobile=\"60\" data-height-tab=\"60\" data-height-tab-portrait=\"\" data-height-mobile-landscape=\"\" style=\"clear:both;display:block;\"><\/div>[\/vc_column][\/vc_row][vc_row row_type=\u00bbrow\u00bb use_row_as_full_screen_section=\u00bbno\u00bb type=\u00bbfull_width\u00bb text_align=\u00bbleft\u00bb box_shadow_on_row=\u00bbno\u00bb][vc_column]<div class=\"templatera_shortcode\"><style type=\"text\/css\" data-type=\"vc_shortcodes-custom-css\">.vc_custom_1452782675682{padding-top: 160px !important;padding-bottom: 160px !important;}<\/style><div      class=\"vc_row wpb_row section\" style='background-image:url(https:\/\/www.morgantecnica.com\/wp-content\/uploads\/2024\/10\/parla-con-noi-parallasse.jpg); text-align:center;'><div class=\" full_section_inner clearfix\"><div class=\"wpb_column vc_column_container vc_col-sm-12\"><div class=\"vc_column-inner vc_custom_1452782675682\"><div class=\"wpb_wrapper\"><span data-line-width=\"0px\"  class=\"vc_text_separator wpb_content_element full  uppercaseanimate_width center\"><span class=\"separator_wrapper\" style=\"margin-bottom:7px\"><span class=\"eltd_line_before \"  style=\"border-color:#dadada;width:0px;border-bottom-width: 2px;margin-bottom:-1px;border-style:solid;\"><\/span><span class=\"separator_content \" style=\"color:#ffffff;line-height:40px;padding: 0 16px\"><span>\u00bfLE GUSTAR\u00cdA M\u00c1S INFORMACI\u00d3N SOBRE NUESTROS PRODUCTOS?<\/span><\/span><span class=\"eltd_line_after \" style=\"border-color:#dadada;width:0px;border-bottom-width: 2px;margin-bottom:-1px;border-style:solid;\"><\/span><\/span><\/span>\n<div class=\"separator  transparent   \" style=\"margin-top:20px;margin-bottom:0px\"><\/div>\n<a href=\"http:\/\/www.morgantecnica.com\/es\/hable-con-nosotros\/\" target=\"_self\"  class=\"qbutton  qbutton_with_icon icon_right rotate_text_and_icon animate_button\" style=\"color: #ffffff; margin: 0 14px 14px 0; \">\n\t\t<span class=\"text_holder\"><span class=\"a_overlay\" style=\"\"><\/span><span>HABLE CON NOSOTROS<\/span><span style=\"color: #999999; \" class=\"hidden_text\">HABLE CON NOSOTROS<\/span><\/span>\n\t\t<span class=\"icon_holder\" style=\"\"><span  style=\"\"><span aria-hidden=\"true\" class=\"eltd_icon_font_elegant arrow_carrot-right button_icon\" style=\"\" ><\/span><\/span><span style=\"color: #999999; \" class=\"hidden_icon\"><span aria-hidden=\"true\" class=\"eltd_icon_font_elegant arrow_carrot-right button_icon\" style=\"\" ><\/span><\/span><\/span><\/a><\/div><\/div><\/div><\/div><\/div><\/div>[\/vc_column][\/vc_row][vc_row row_type=\u00bbrow\u00bb use_row_as_full_screen_section=\u00bbno\u00bb type=\u00bbfull_width\u00bb text_align=\u00bbleft\u00bb box_shadow_on_row=\u00bbno\u00bb][vc_column]<div class=\"templatera_shortcode\"><div class=\"vc_row wpb_row section\" style=' text-align:left;'><div class=\" full_section_inner clearfix\"><div class=\"wpb_column vc_column_container vc_col-sm-12\"><div class=\"vc_column-inner\"><div class=\"wpb_wrapper\">    <div class=\"vc_empty_space\"  style=\"height: 60px\" ><span class=\"vc_empty_space_inner\"><span class=\"empty_space_image\"\n                 ><\/span>\n<\/span><\/div>\n\n<div class=\"call_to_action normal\" style=\"background-color: #f0f0f0;border: 2px solid #f0f0f0;\"><div class=\"container_inner\"><div class=\"call_to_action_row_75_25 clearfix\" style=\"padding: 20px 0 20px 0;\"><div class=\"text_wrapper to_action_column1 to_action_cell\"><div class=\"call_to_action_text call_to_action_custom_font_size\" style=\"font-size:17px;\">Inscr\u00edbete a nuestra newsletter<\/div><\/div><div class=\"button_wrapper to_action_column2 to_action_cell\" style = \"text-align: right\"><a href=\"http:\/\/www.morgantecnica.com\/es\/newsletter\/\" target=\"_self\"  data-hover-color='#ed1a3b' data-hover-background-color='#f0f0f0' data-hover-border-color='#666666'data-hover-animated-background-color=#f0f0f0  class=\"qbutton qbutton_with_icon rotate_text_and_icon animate_button icon_right\" style=\"color: #666666;background-color: #f0f0f0;border-width: 2px;border-color: #666666;border-radius: 0px;-moz-border-radius: 0px;-webkit-border-radius: 0px; \">\n\t\t<span class=\"text_holder\"><span class=\"a_overlay\"><\/span><span>Inscr\u00edbete<\/span><span  class=\"hidden_text\">Inscr\u00edbete<\/span><\/span>\n\t\t<span class=\"icon_holder\" style=\"color: #666666;font-size: 19px;border-left-color: #666666; \"><span><span aria-hidden=\"true\" class=\"eltd_icon_font_elegant arrow_carrot-right button_icon\" style=\"color: #666666;font-size: 19px;\" ><\/span><\/span><span class=\"hidden_icon\"><span aria-hidden=\"true\" class=\"eltd_icon_font_elegant arrow_carrot-right button_icon\" style=\"color: #666666;font-size: 19px;\" ><\/span><\/span><\/span><\/a><\/div><\/div><\/div><\/div><\/div><\/div><\/div><\/div><\/div>\r\n<\/div>[\/vc_column][\/vc_row]<\/p>\n<\/div>","protected":false},"excerpt":{"rendered":"SOFTWARE DE ALTO RENDIMIENTO Morgan Tecnica ofrece una amplia gama de paquetes de software completamente integrados y altamente personalizables, ideales para optimizar la producci\u00f3n, gestionar la funcionalidad de cada m\u00e1quina, asistir en el dise\u00f1o y facilitar la colocaci\u00f3n autom\u00e1tica. Nuestro software est\u00e1 dise\u00f1ado para apoyar...","protected":false},"author":1,"featured_media":0,"parent":357949,"menu_order":20,"comment_status":"open","ping_status":"closed","template":"full_width.php","meta":{"rs_blank_template":"","rs_page_bg_color":"","slide_template_v7":"","footnotes":""},"class_list":["post-350646","page","type-page","status-publish","hentry"],"yoast_head":"<!-- This site is optimized with the Yoast SEO plugin v27.4 - https:\/\/yoast.com\/product\/yoast-seo-wordpress\/ -->\n<title>Software - MorganTecnica<\/title>\n<meta name=\"robots\" content=\"index, follow, max-snippet:-1, max-image-preview:large, max-video-preview:-1\" \/>\n<link rel=\"canonical\" href=\"https:\/\/www.morgantecnica.com\/es\/productos\/software\/\" \/>\n<meta property=\"og:locale\" content=\"es_ES\" \/>\n<meta property=\"og:type\" content=\"article\" \/>\n<meta property=\"og:title\" content=\"Software - MorganTecnica\" \/>\n<meta property=\"og:url\" content=\"https:\/\/www.morgantecnica.com\/es\/productos\/software\/\" \/>\n<meta property=\"og:site_name\" content=\"MorganTecnica\" \/>\n<meta property=\"article:publisher\" content=\"https:\/\/www.facebook.com\/MorganTecnica\/\" \/>\n<meta property=\"article:modified_time\" content=\"2025-07-01T10:21:27+00:00\" \/>\n<meta name=\"twitter:card\" content=\"summary_large_image\" \/>\n<meta name=\"twitter:site\" content=\"@MorganTecnica\" \/>\n<meta name=\"twitter:label1\" content=\"Tiempo de lectura\" \/>\n\t<meta name=\"twitter:data1\" content=\"3 minutos\" \/>\n<script type=\"application\/ld+json\" class=\"yoast-schema-graph\">{\"@context\":\"https:\\\/\\\/schema.org\",\"@graph\":[{\"@type\":\"WebPage\",\"@id\":\"https:\\\/\\\/www.morgantecnica.com\\\/es\\\/productos\\\/software\\\/\",\"url\":\"https:\\\/\\\/www.morgantecnica.com\\\/es\\\/productos\\\/software\\\/\",\"name\":\"Software - MorganTecnica\",\"isPartOf\":{\"@id\":\"https:\\\/\\\/www.morgantecnica.com\\\/es\\\/#website\"},\"datePublished\":\"2016-02-07T10:25:55+00:00\",\"dateModified\":\"2025-07-01T10:21:27+00:00\",\"breadcrumb\":{\"@id\":\"https:\\\/\\\/www.morgantecnica.com\\\/es\\\/productos\\\/software\\\/#breadcrumb\"},\"inLanguage\":\"es\",\"potentialAction\":[{\"@type\":\"ReadAction\",\"target\":[\"https:\\\/\\\/www.morgantecnica.com\\\/es\\\/productos\\\/software\\\/\"]}]},{\"@type\":\"BreadcrumbList\",\"@id\":\"https:\\\/\\\/www.morgantecnica.com\\\/es\\\/productos\\\/software\\\/#breadcrumb\",\"itemListElement\":[{\"@type\":\"ListItem\",\"position\":1,\"name\":\"Home\",\"item\":\"https:\\\/\\\/www.morgantecnica.com\\\/es\\\/\"},{\"@type\":\"ListItem\",\"position\":2,\"name\":\"Productos\",\"item\":\"https:\\\/\\\/www.morgantecnica.com\\\/es\\\/productos\\\/\"},{\"@type\":\"ListItem\",\"position\":3,\"name\":\"Software\"}]},{\"@type\":\"WebSite\",\"@id\":\"https:\\\/\\\/www.morgantecnica.com\\\/es\\\/#website\",\"url\":\"https:\\\/\\\/www.morgantecnica.com\\\/es\\\/\",\"name\":\"MorganTecnica\",\"description\":\"\",\"potentialAction\":[{\"@type\":\"SearchAction\",\"target\":{\"@type\":\"EntryPoint\",\"urlTemplate\":\"https:\\\/\\\/www.morgantecnica.com\\\/es\\\/?s={search_term_string}\"},\"query-input\":{\"@type\":\"PropertyValueSpecification\",\"valueRequired\":true,\"valueName\":\"search_term_string\"}}],\"inLanguage\":\"es\"}]}<\/script>\n<!-- \/ Yoast SEO plugin. -->","yoast_head_json":{"title":"Software - MorganTecnica","robots":{"index":"index","follow":"follow","max-snippet":"max-snippet:-1","max-image-preview":"max-image-preview:large","max-video-preview":"max-video-preview:-1"},"canonical":"https:\/\/www.morgantecnica.com\/es\/productos\/software\/","og_locale":"es_ES","og_type":"article","og_title":"Software - MorganTecnica","og_url":"https:\/\/www.morgantecnica.com\/es\/productos\/software\/","og_site_name":"MorganTecnica","article_publisher":"https:\/\/www.facebook.com\/MorganTecnica\/","article_modified_time":"2025-07-01T10:21:27+00:00","twitter_card":"summary_large_image","twitter_site":"@MorganTecnica","twitter_misc":{"Tiempo de lectura":"3 minutos"},"schema":{"@context":"https:\/\/schema.org","@graph":[{"@type":"WebPage","@id":"https:\/\/www.morgantecnica.com\/es\/productos\/software\/","url":"https:\/\/www.morgantecnica.com\/es\/productos\/software\/","name":"Software - MorganTecnica","isPartOf":{"@id":"https:\/\/www.morgantecnica.com\/es\/#website"},"datePublished":"2016-02-07T10:25:55+00:00","dateModified":"2025-07-01T10:21:27+00:00","breadcrumb":{"@id":"https:\/\/www.morgantecnica.com\/es\/productos\/software\/#breadcrumb"},"inLanguage":"es","potentialAction":[{"@type":"ReadAction","target":["https:\/\/www.morgantecnica.com\/es\/productos\/software\/"]}]},{"@type":"BreadcrumbList","@id":"https:\/\/www.morgantecnica.com\/es\/productos\/software\/#breadcrumb","itemListElement":[{"@type":"ListItem","position":1,"name":"Home","item":"https:\/\/www.morgantecnica.com\/es\/"},{"@type":"ListItem","position":2,"name":"Productos","item":"https:\/\/www.morgantecnica.com\/es\/productos\/"},{"@type":"ListItem","position":3,"name":"Software"}]},{"@type":"WebSite","@id":"https:\/\/www.morgantecnica.com\/es\/#website","url":"https:\/\/www.morgantecnica.com\/es\/","name":"MorganTecnica","description":"","potentialAction":[{"@type":"SearchAction","target":{"@type":"EntryPoint","urlTemplate":"https:\/\/www.morgantecnica.com\/es\/?s={search_term_string}"},"query-input":{"@type":"PropertyValueSpecification","valueRequired":true,"valueName":"search_term_string"}}],"inLanguage":"es"}]}},"_links":{"self":[{"href":"https:\/\/www.morgantecnica.com\/es\/wp-json\/wp\/v2\/pages\/350646","targetHints":{"allow":["GET"]}}],"collection":[{"href":"https:\/\/www.morgantecnica.com\/es\/wp-json\/wp\/v2\/pages"}],"about":[{"href":"https:\/\/www.morgantecnica.com\/es\/wp-json\/wp\/v2\/types\/page"}],"author":[{"embeddable":true,"href":"https:\/\/www.morgantecnica.com\/es\/wp-json\/wp\/v2\/users\/1"}],"replies":[{"embeddable":true,"href":"https:\/\/www.morgantecnica.com\/es\/wp-json\/wp\/v2\/comments?post=350646"}],"version-history":[{"count":0,"href":"https:\/\/www.morgantecnica.com\/es\/wp-json\/wp\/v2\/pages\/350646\/revisions"}],"up":[{"embeddable":true,"href":"https:\/\/www.morgantecnica.com\/es\/wp-json\/wp\/v2\/pages\/357949"}],"wp:attachment":[{"href":"https:\/\/www.morgantecnica.com\/es\/wp-json\/wp\/v2\/media?parent=350646"}],"curies":[{"name":"wp","href":"https:\/\/api.w.org\/{rel}","templated":true}]}}