{"id":361708,"date":"2023-10-05T10:29:24","date_gmt":"2023-10-05T08:29:24","guid":{"rendered":"https:\/\/www.morgantecnica.com\/the-3-international-patents\/"},"modified":"2026-03-31T11:01:22","modified_gmt":"2026-03-31T09:01:22","slug":"las-3-patentes-internacionales","status":"publish","type":"page","link":"https:\/\/www.morgantecnica.com\/es\/las-3-patentes-internacionales\/","title":{"rendered":"Las 3 patentes internacionales"},"content":{"rendered":"<div class=\"wpb-content-wrapper\"><p>[vc_row row_type=\u00bbrow\u00bb use_row_as_full_screen_section=\u00bbno\u00bb type=\u00bbgrid\u00bb header_style=\u00bblight\u00bb text_align=\u00bbleft\u00bb background_image=\u00bb361421&#8243; box_shadow_on_row=\u00bbno\u00bb bg_type=\u00bbimage\u00bb][vc_column][vc_empty_space height=\u00bb200px\u00bb image_repeat=\u00bbno-repeat\u00bb]<div id=\"ultimate-heading-51169e200492e671\" class=\"uvc-heading ult-adjust-bottom-margin ultimate-heading-51169e200492e671 uvc-5837 \" data-hspacer=\"no_spacer\"  data-halign=\"center\" style=\"text-align:center\"><div class=\"uvc-heading-spacer no_spacer\" style=\"top\"><\/div><div class=\"uvc-main-heading ult-responsive\"  data-ultimate-target='.uvc-heading.ultimate-heading-51169e200492e671 h1'  data-responsive-json-new='{\"font-size\":\"desktop:45px;tablet:44px;tablet_portrait:42px;mobile_landscape:32px;mobile:32px;\",\"line-height\":\"desktop:64px;tablet:42px;tablet_portrait:42px;mobile_landscape:36px;mobile:36px;\"}' ><h1 style=\"font-family:&#039;Raleway&#039;;font-weight:300;color:#ffffff;\">Gama Rex<\/h1><\/div><div class=\"uvc-sub-heading ult-responsive\"  data-ultimate-target='.uvc-heading.ultimate-heading-51169e200492e671 .uvc-sub-heading '  data-responsive-json-new='{\"font-size\":\"desktop:42px;tablet:38px;tablet_portrait:36px;mobile_landscape:34px;mobile:34px;\",\"line-height\":\"desktop:64px;tablet:44px;tablet_portrait:42px;mobile_landscape:42px;mobile:42px;\"}'  style=\"font-family:&#039;Raleway&#039;;font-weight:500;color:#ffffff;\">LAS 3 PATENTES<br \/>\nINTERNACIONALES<\/div><\/div>[vc_empty_space height=\u00bb200px\u00bb image_repeat=\u00bbno-repeat\u00bb][\/vc_column][\/vc_row][vc_row row_type=\u00bbrow\u00bb use_row_as_full_screen_section=\u00bbno\u00bb type=\u00bbfull_width\u00bb text_align=\u00bbleft\u00bb box_shadow_on_row=\u00bbno\u00bb el_id=\u00bbrow-icons\u00bb][vc_column]<div class=\"ult-spacer spacer-69e200492e6cb\" data-id=\"69e200492e6cb\" data-height=\"60\" data-height-mobile=\"60\" data-height-tab=\"60\" data-height-tab-portrait=\"\" data-height-mobile-landscape=\"\" style=\"clear:both;display:block;\"><\/div>[vc_row_inner row_type=\u00bbrow\u00bb type=\u00bbgrid\u00bb use_row_as_full_screen_section_slide=\u00bbno\u00bb text_align=\u00bbleft\u00bb box_shadow_on_row=\u00bbno\u00bb][vc_column_inner offset=\u00bbvc_col-lg-offset-3 vc_col-lg-6&#8243;]<div id=\"ultv-5219\" class=\"ult-dual-color ult-adjust-bottom-margin ult-dual-color-responsive-desktop ultv-5219  \"><div class=\"ult-module-content ult-dual-color-heading\" style=\"text-align:center;\">\n\t\t\t\t\t\t<h3><span class=\"ult-before-heading\">\n\t\t\t\t\t\t<span class=\"ult-dual-heading-text ult-first-text ult-responsive\"  data-ultimate-target='.ult-dual-color.ultv-5219 .ult-dual-heading-text'  data-responsive-json-new='{\"font-size\":\"desktop:14px;\",\"line-height\":\"desktop:24px;\"}'  style=\"color:#ed1a3b;     border:none; font-family:&#039;Raleway&#039;;font-weight:normal;\">Gama Rex \/ CORTE AUTOM\u00c1TICO<\/span>\n\t\t\t\t\t<\/span><span class=\"ult-adv-heading\" style=\"\">\n\t\t\t\t\t\t<span class=\"ult-dual-adv-heading-text ult-highlight-text ult-responsive\"  data-ultimate-target='.ult-dual-color.ultv-5219 .ult-highlight-text'  data-responsive-json-new='{\"font-size\":\"desktop:24px;\",\"line-height\":\"desktop:36px;\"}'  style=\"     border:none; font-family:&#039;Raleway&#039;;font-weight:normal;\">PATENTES EXCLUSIVAS DE MORGANTECNICA<\/span>\n\t\t\t\t\t<\/span><\/h3> <\/div><\/div>[\/vc_column_inner][\/vc_row_inner]<div class=\"ult-spacer spacer-69e200492e72f\" data-id=\"69e200492e72f\" data-height=\"60\" data-height-mobile=\"60\" data-height-tab=\"60\" data-height-tab-portrait=\"\" data-height-mobile-landscape=\"\" style=\"clear:both;display:block;\"><\/div>[vc_row_inner row_type=\u00bbrow\u00bb type=\u00bbgrid\u00bb use_row_as_full_screen_section_slide=\u00bbno\u00bb text_align=\u00bbleft\u00bb box_shadow_on_row=\u00bbno\u00bb][vc_column_inner width=\u00bb1\/4&#8243; offset=\u00bbvc_col-xs-3&#8243;][vc_single_image image=\u00bb361584&#8243; img_size=\u00bbmedium\u00bb alignment=\u00bbright\u00bb css=\u00bb\u00bb][\/vc_column_inner][vc_column_inner width=\u00bb3\/4&#8243; offset=\u00bbvc_col-xs-9&#8243;][vc_column_text css=\u00bb\u00bb]<\/p>\n<h4>SPIN POWER \/ <span class=\"color-mt\">OPTIONAL<\/span><\/h4>\n<p>Este modelo de m\u00e1quina, al tener la necesidad de generar un vac\u00edo, crea un flujo de aire que es expulsado hacia arriba a trav\u00e9s de la \u201cchimenea\u201d en cuyo interior hemos colocado un aerogenerador que aprovecha el movimiento del aire para crear corriente el\u00e9ctrica que retorna a la m\u00e1quina.[\/vc_column_text][\/vc_column_inner][\/vc_row_inner]<div class=\"ult-spacer spacer-69e200492e742\" data-id=\"69e200492e742\" data-height=\"45\" data-height-mobile=\"45\" data-height-tab=\"45\" data-height-tab-portrait=\"\" data-height-mobile-landscape=\"\" style=\"clear:both;display:block;\"><\/div>[vc_row_inner row_type=\u00bbrow\u00bb type=\u00bbgrid\u00bb use_row_as_full_screen_section_slide=\u00bbno\u00bb text_align=\u00bbleft\u00bb box_shadow_on_row=\u00bbno\u00bb][vc_column_inner width=\u00bb1\/4&#8243; offset=\u00bbvc_col-xs-3&#8243;][vc_single_image image=\u00bb361469&#8243; img_size=\u00bbmedium\u00bb alignment=\u00bbright\u00bb css=\u00bb\u00bb][\/vc_column_inner][vc_column_inner width=\u00bb3\/4&#8243; offset=\u00bbvc_col-xs-9&#8243;][vc_column_text]<\/p>\n<h4>ERS \/ ENERGY RECOVERY SYSTEM<\/h4>\n<p>Los accionamientos suministrados por Bosch Rexroth nos han permitido crear un producto \u00abh\u00edbrido\u00bb, en el que cada vez que los motores frenan, la energ\u00eda residual se recupera y se vuelve a poner en circulaci\u00f3n. Esta \u00faltima posibilidad est\u00e1 dada por la fuente de alimentaci\u00f3n generativa del paquete motriz, es una caracter\u00edstica llamada Smart Energy Mode y es capaz de amortiguar los picos de consumo, satisfaciendo as\u00ed la necesidad de dotar a la m\u00e1quina de una fuerte eficiencia energ\u00e9tica.[\/vc_column_text][\/vc_column_inner][\/vc_row_inner]<div class=\"ult-spacer spacer-69e200492e753\" data-id=\"69e200492e753\" data-height=\"45\" data-height-mobile=\"45\" data-height-tab=\"45\" data-height-tab-portrait=\"\" data-height-mobile-landscape=\"\" style=\"clear:both;display:block;\"><\/div>[vc_row_inner row_type=\u00bbrow\u00bb type=\u00bbgrid\u00bb use_row_as_full_screen_section_slide=\u00bbno\u00bb text_align=\u00bbleft\u00bb box_shadow_on_row=\u00bbno\u00bb][vc_column_inner width=\u00bb1\/4&#8243; offset=\u00bbvc_col-xs-3&#8243;][vc_single_image image=\u00bb361465&#8243; img_size=\u00bbmedium\u00bb alignment=\u00bbright\u00bb css=\u00bb\u00bb][\/vc_column_inner][vc_column_inner width=\u00bb3\/4&#8243; offset=\u00bbvc_col-xs-9&#8243;][vc_column_text]<\/p>\n<h4>ADB \/ ACTIVE DATABASE<\/h4>\n<p>Las m\u00e1quinas de corte autom\u00e1ticas est\u00e1n dise\u00f1adas para procesar una gran cantidad de formas, con archivos que pueden contener cientos de ellas. Puede suceder que algunas sean m\u00e1s problem\u00e1ticas que otras y requieran un procesamiento a una velocidad de corte reducida o diferentes ajustes. Por lo tanto, los operadores tienden a reducir la velocidad general de corte y, con ella, la productividad, ya que actualmente no existe ning\u00fan algoritmo que reconozca a priori una forma potencialmente problem\u00e1tica.<\/p>\n<p>MorganTecnica ha elegido una soluci\u00f3n diferente, combinando la experiencia del operador, procedimientos autom\u00e1ticos y un enfoque colaborativo. Cuando el operador encuentra una forma que ha dado lugar a problemas, la inserta con un simple clic en el Morgan ADB y aplica los atributos correctivos. Esto crea un archivo de formas problem\u00e1ticas que el software reconoce, incluso a diferentes escalas o medidas, aplicando autom\u00e1ticamente los atributos relevantes.<\/p>\n<p>El usuario puede decidir si simplemente crea una base de datos personal, local o la comparte a trav\u00e9s de MorganTecnica (que filtra formas y atributos de forma segura) con otros usuarios de ADB que se hayan registrado para una suscripci\u00f3n espec\u00edfica.[\/vc_column_text][\/vc_column_inner][\/vc_row_inner]<div class=\"ult-spacer spacer-69e200492e763\" data-id=\"69e200492e763\" data-height=\"60\" data-height-mobile=\"60\" data-height-tab=\"60\" data-height-tab-portrait=\"\" data-height-mobile-landscape=\"\" style=\"clear:both;display:block;\"><\/div>[\/vc_column][\/vc_row][vc_row row_type=\u00bbrow\u00bb use_row_as_full_screen_section=\u00bbno\u00bb type=\u00bbfull_width\u00bb text_align=\u00bbleft\u00bb box_shadow_on_row=\u00bbno\u00bb el_id=\u00bbrow-form-richiesta-info\u00bb][vc_column][vc_empty_space height=\u00bb60px\u00bb image_repeat=\u00bbno-repeat\u00bb][vc_row_inner row_type=\u00bbrow\u00bb type=\u00bbgrid\u00bb use_row_as_full_screen_section_slide=\u00bbno\u00bb text_align=\u00bbleft\u00bb box_shadow_on_row=\u00bbno\u00bb][vc_column_inner width=\u00bb1\/4&#8243;][\/vc_column_inner][vc_column_inner width=\u00bb1\/2&#8243;]<div id=\"ultv-4396\" class=\"ult-dual-color ult-adjust-bottom-margin ult-dual-color-responsive-desktop ultv-4396  \"><div class=\"ult-module-content ult-dual-color-heading\" style=\"text-align:center;\">\n\t\t\t\t\t\t<h3><span class=\"ult-before-heading\">\n\t\t\t\t\t\t<span class=\"ult-dual-heading-text ult-first-text ult-responsive\"  data-ultimate-target='.ult-dual-color.ultv-4396 .ult-dual-heading-text'  data-responsive-json-new='{\"font-size\":\"desktop:14px;\",\"line-height\":\"desktop:24px;\"}'  style=\"color:#ed1a3b;     border:none; font-family:&#039;Raleway&#039;;font-weight:normal;\">Gama Rex \/ CORTE AUTOM\u00c1TICO<\/span>\n\t\t\t\t\t<\/span><span class=\"ult-adv-heading\" style=\"\">\n\t\t\t\t\t\t<span class=\"ult-dual-adv-heading-text ult-highlight-text ult-responsive\"  data-ultimate-target='.ult-dual-color.ultv-4396 .ult-highlight-text'  data-responsive-json-new='{\"font-size\":\"desktop:24px;\",\"line-height\":\"desktop:36px;\"}'  style=\"     border:none; font-family:&#039;Raleway&#039;;font-weight:normal;\">CONTACT US FOR MORE INFO<\/span>\n\t\t\t\t\t<\/span><\/h3> <\/div><\/div>[vc_raw_html]JTNDc2NyaXB0JTIwY2hhcnNldCUzRCUyMnV0Zi04JTIyJTIwdHlwZSUzRCUyMnRleHQlMkZqYXZhc2NyaXB0JTIyJTIwc3JjJTNEJTIyJTJGJTJGanMtZXUxLmhzZm9ybXMubmV0JTJGZm9ybXMlMkZlbWJlZCUyRnYyLmpzJTIyJTNFJTNDJTJGc2NyaXB0JTNFJTBBJTNDc2NyaXB0JTNFJTBBJTIwJTIwaGJzcHQuZm9ybXMuY3JlYXRlJTI4JTdCJTBBJTIwJTIwJTIwJTIwcmVnaW9uJTNBJTIwJTIyZXUxJTIyJTJDJTBBJTIwJTIwJTIwJTIwcG9ydGFsSWQlM0ElMjAlMjIyNjU5OTg4OSUyMiUyQyUwQSUyMCUyMCUyMCUyMGZvcm1JZCUzQSUyMCUyMjNiM2I5MjJhLTYxZTEtNDQ2Ny05MmIwLTIxOTdkOTcwMTI3MyUyMiUwQSUyMCUyMCU3RCUyOSUzQiUwQSUzQyUyRnNjcmlwdCUzRQ==[\/vc_raw_html][\/vc_column_inner][vc_column_inner width=\u00bb1\/4&#8243;][\/vc_column_inner][\/vc_row_inner][vc_empty_space height=\u00bb60px\u00bb image_repeat=\u00bbno-repeat\u00bb][\/vc_column][\/vc_row][vc_row row_type=\u00bbrow\u00bb use_row_as_full_screen_section=\u00bbno\u00bb type=\u00bbfull_width\u00bb text_align=\u00bbleft\u00bb box_shadow_on_row=\u00bbno\u00bb][vc_column]<div class=\"templatera_shortcode\"><div class=\"vc_row wpb_row section\" style=' text-align:left;'><div class=\" full_section_inner clearfix\"><div class=\"wpb_column vc_column_container vc_col-sm-12\"><div class=\"vc_column-inner\"><div class=\"wpb_wrapper\">    <div class=\"vc_empty_space\"  style=\"height: 60px\" ><span class=\"vc_empty_space_inner\"><span class=\"empty_space_image\"\n                 ><\/span>\n<\/span><\/div>\n\n<div class=\"call_to_action normal\" style=\"background-color: #f0f0f0;border: 2px solid #f0f0f0;\"><div class=\"container_inner\"><div class=\"call_to_action_row_75_25 clearfix\" style=\"padding: 20px 0 20px 0;\"><div class=\"text_wrapper to_action_column1 to_action_cell\"><div class=\"call_to_action_text call_to_action_custom_font_size\" style=\"font-size:17px;\">Inscr\u00edbete a nuestra newsletter<\/div><\/div><div class=\"button_wrapper to_action_column2 to_action_cell\" style = \"text-align: right\"><a href=\"http:\/\/www.morgantecnica.com\/es\/newsletter\/\" target=\"_self\"  data-hover-color='#ed1a3b' data-hover-background-color='#f0f0f0' data-hover-border-color='#666666'data-hover-animated-background-color=#f0f0f0  class=\"qbutton qbutton_with_icon rotate_text_and_icon animate_button icon_right\" style=\"color: #666666;background-color: #f0f0f0;border-width: 2px;border-color: #666666;border-radius: 0px;-moz-border-radius: 0px;-webkit-border-radius: 0px; \">\n\t\t<span class=\"text_holder\"><span class=\"a_overlay\"><\/span><span>Inscr\u00edbete<\/span><span  class=\"hidden_text\">Inscr\u00edbete<\/span><\/span>\n\t\t<span class=\"icon_holder\" style=\"color: #666666;font-size: 19px;border-left-color: #666666; \"><span><span aria-hidden=\"true\" class=\"eltd_icon_font_elegant arrow_carrot-right button_icon\" style=\"color: #666666;font-size: 19px;\" ><\/span><\/span><span class=\"hidden_icon\"><span aria-hidden=\"true\" class=\"eltd_icon_font_elegant arrow_carrot-right button_icon\" style=\"color: #666666;font-size: 19px;\" ><\/span><\/span><\/span><\/a><\/div><\/div><\/div><\/div><\/div><\/div><\/div><\/div><\/div>\r\n<\/div>[\/vc_column][\/vc_row]<\/p>\n<\/div>","protected":false},"excerpt":{"rendered":"Gama RexLAS 3 PATENTES INTERNACIONALES Gama Rex \/ CORTE AUTOM\u00c1TICO PATENTES EXCLUSIVAS DE MORGANTECNICA SPIN POWER \/ OPTIONAL Este modelo de m\u00e1quina, al tener la necesidad de generar un vac\u00edo, crea un flujo de aire que es expulsado hacia arriba a trav\u00e9s de la \u201cchimenea\u201d...","protected":false},"author":1,"featured_media":0,"parent":0,"menu_order":0,"comment_status":"closed","ping_status":"closed","template":"full_width.php","meta":{"rs_blank_template":"","rs_page_bg_color":"","slide_template_v7":"","footnotes":""},"class_list":["post-361708","page","type-page","status-publish","hentry"],"yoast_head":"<!-- This site is optimized with the Yoast SEO plugin v27.3 - https:\/\/yoast.com\/product\/yoast-seo-wordpress\/ -->\n<title>Las 3 patentes internacionales - MorganTecnica<\/title>\n<meta name=\"robots\" content=\"index, follow, max-snippet:-1, max-image-preview:large, max-video-preview:-1\" \/>\n<link rel=\"canonical\" href=\"https:\/\/www.morgantecnica.com\/es\/las-3-patentes-internacionales\/\" \/>\n<meta property=\"og:locale\" content=\"es_ES\" \/>\n<meta property=\"og:type\" content=\"article\" \/>\n<meta property=\"og:title\" content=\"Las 3 patentes internacionales - MorganTecnica\" \/>\n<meta property=\"og:url\" content=\"https:\/\/www.morgantecnica.com\/es\/las-3-patentes-internacionales\/\" \/>\n<meta property=\"og:site_name\" content=\"MorganTecnica\" \/>\n<meta property=\"article:publisher\" content=\"https:\/\/www.facebook.com\/MorganTecnica\/\" \/>\n<meta property=\"article:modified_time\" content=\"2026-03-31T09:01:22+00:00\" \/>\n<meta name=\"twitter:card\" content=\"summary_large_image\" \/>\n<meta name=\"twitter:site\" content=\"@MorganTecnica\" \/>\n<meta name=\"twitter:label1\" content=\"Tiempo de lectura\" \/>\n\t<meta name=\"twitter:data1\" content=\"3 minutos\" \/>\n<script type=\"application\/ld+json\" class=\"yoast-schema-graph\">{\"@context\":\"https:\\\/\\\/schema.org\",\"@graph\":[{\"@type\":\"WebPage\",\"@id\":\"https:\\\/\\\/www.morgantecnica.com\\\/es\\\/las-3-patentes-internacionales\\\/\",\"url\":\"https:\\\/\\\/www.morgantecnica.com\\\/es\\\/las-3-patentes-internacionales\\\/\",\"name\":\"Las 3 patentes internacionales - MorganTecnica\",\"isPartOf\":{\"@id\":\"https:\\\/\\\/www.morgantecnica.com\\\/es\\\/#website\"},\"datePublished\":\"2023-10-05T08:29:24+00:00\",\"dateModified\":\"2026-03-31T09:01:22+00:00\",\"breadcrumb\":{\"@id\":\"https:\\\/\\\/www.morgantecnica.com\\\/es\\\/las-3-patentes-internacionales\\\/#breadcrumb\"},\"inLanguage\":\"es\",\"potentialAction\":[{\"@type\":\"ReadAction\",\"target\":[\"https:\\\/\\\/www.morgantecnica.com\\\/es\\\/las-3-patentes-internacionales\\\/\"]}]},{\"@type\":\"BreadcrumbList\",\"@id\":\"https:\\\/\\\/www.morgantecnica.com\\\/es\\\/las-3-patentes-internacionales\\\/#breadcrumb\",\"itemListElement\":[{\"@type\":\"ListItem\",\"position\":1,\"name\":\"Home\",\"item\":\"https:\\\/\\\/www.morgantecnica.com\\\/es\\\/\"},{\"@type\":\"ListItem\",\"position\":2,\"name\":\"Las 3 patentes internacionales\"}]},{\"@type\":\"WebSite\",\"@id\":\"https:\\\/\\\/www.morgantecnica.com\\\/es\\\/#website\",\"url\":\"https:\\\/\\\/www.morgantecnica.com\\\/es\\\/\",\"name\":\"MorganTecnica\",\"description\":\"\",\"potentialAction\":[{\"@type\":\"SearchAction\",\"target\":{\"@type\":\"EntryPoint\",\"urlTemplate\":\"https:\\\/\\\/www.morgantecnica.com\\\/es\\\/?s={search_term_string}\"},\"query-input\":{\"@type\":\"PropertyValueSpecification\",\"valueRequired\":true,\"valueName\":\"search_term_string\"}}],\"inLanguage\":\"es\"}]}<\/script>\n<!-- \/ Yoast SEO plugin. -->","yoast_head_json":{"title":"Las 3 patentes internacionales - MorganTecnica","robots":{"index":"index","follow":"follow","max-snippet":"max-snippet:-1","max-image-preview":"max-image-preview:large","max-video-preview":"max-video-preview:-1"},"canonical":"https:\/\/www.morgantecnica.com\/es\/las-3-patentes-internacionales\/","og_locale":"es_ES","og_type":"article","og_title":"Las 3 patentes internacionales - MorganTecnica","og_url":"https:\/\/www.morgantecnica.com\/es\/las-3-patentes-internacionales\/","og_site_name":"MorganTecnica","article_publisher":"https:\/\/www.facebook.com\/MorganTecnica\/","article_modified_time":"2026-03-31T09:01:22+00:00","twitter_card":"summary_large_image","twitter_site":"@MorganTecnica","twitter_misc":{"Tiempo de lectura":"3 minutos"},"schema":{"@context":"https:\/\/schema.org","@graph":[{"@type":"WebPage","@id":"https:\/\/www.morgantecnica.com\/es\/las-3-patentes-internacionales\/","url":"https:\/\/www.morgantecnica.com\/es\/las-3-patentes-internacionales\/","name":"Las 3 patentes internacionales - MorganTecnica","isPartOf":{"@id":"https:\/\/www.morgantecnica.com\/es\/#website"},"datePublished":"2023-10-05T08:29:24+00:00","dateModified":"2026-03-31T09:01:22+00:00","breadcrumb":{"@id":"https:\/\/www.morgantecnica.com\/es\/las-3-patentes-internacionales\/#breadcrumb"},"inLanguage":"es","potentialAction":[{"@type":"ReadAction","target":["https:\/\/www.morgantecnica.com\/es\/las-3-patentes-internacionales\/"]}]},{"@type":"BreadcrumbList","@id":"https:\/\/www.morgantecnica.com\/es\/las-3-patentes-internacionales\/#breadcrumb","itemListElement":[{"@type":"ListItem","position":1,"name":"Home","item":"https:\/\/www.morgantecnica.com\/es\/"},{"@type":"ListItem","position":2,"name":"Las 3 patentes internacionales"}]},{"@type":"WebSite","@id":"https:\/\/www.morgantecnica.com\/es\/#website","url":"https:\/\/www.morgantecnica.com\/es\/","name":"MorganTecnica","description":"","potentialAction":[{"@type":"SearchAction","target":{"@type":"EntryPoint","urlTemplate":"https:\/\/www.morgantecnica.com\/es\/?s={search_term_string}"},"query-input":{"@type":"PropertyValueSpecification","valueRequired":true,"valueName":"search_term_string"}}],"inLanguage":"es"}]}},"_links":{"self":[{"href":"https:\/\/www.morgantecnica.com\/es\/wp-json\/wp\/v2\/pages\/361708","targetHints":{"allow":["GET"]}}],"collection":[{"href":"https:\/\/www.morgantecnica.com\/es\/wp-json\/wp\/v2\/pages"}],"about":[{"href":"https:\/\/www.morgantecnica.com\/es\/wp-json\/wp\/v2\/types\/page"}],"author":[{"embeddable":true,"href":"https:\/\/www.morgantecnica.com\/es\/wp-json\/wp\/v2\/users\/1"}],"replies":[{"embeddable":true,"href":"https:\/\/www.morgantecnica.com\/es\/wp-json\/wp\/v2\/comments?post=361708"}],"version-history":[{"count":7,"href":"https:\/\/www.morgantecnica.com\/es\/wp-json\/wp\/v2\/pages\/361708\/revisions"}],"predecessor-version":[{"id":367807,"href":"https:\/\/www.morgantecnica.com\/es\/wp-json\/wp\/v2\/pages\/361708\/revisions\/367807"}],"wp:attachment":[{"href":"https:\/\/www.morgantecnica.com\/es\/wp-json\/wp\/v2\/media?parent=361708"}],"curies":[{"name":"wp","href":"https:\/\/api.w.org\/{rel}","templated":true}]}}