{"id":365897,"date":"2024-10-29T10:16:06","date_gmt":"2024-10-29T09:16:06","guid":{"rendered":"https:\/\/www.morgantecnica.com\/?page_id=365897"},"modified":"2026-02-05T11:04:50","modified_gmt":"2026-02-05T10:04:50","slug":"premios-y-certificaciones","status":"publish","type":"page","link":"https:\/\/www.morgantecnica.com\/es\/premios-y-certificaciones\/","title":{"rendered":"Premios y certificaciones"},"content":{"rendered":"<div class=\"wpb-content-wrapper\"><p>[vc_row row_type=\u00bbrow\u00bb use_row_as_full_screen_section=\u00bbno\u00bb type=\u00bbgrid\u00bb text_align=\u00bbleft\u00bb background_color=\u00bb#f9f9f9&#8243; border_color=\u00bb#c8c9cb\u00bb padding_top=\u00bb40&#8243; padding_bottom=\u00bb40&#8243; box_shadow_on_row=\u00bbno\u00bb][vc_column width=\u00bb2\/3&#8243; css=\u00bb.vc_custom_1452790718465{padding-top: 40px !important;padding-bottom: 40px !important;}\u00bb]<div id=\"ultimate-heading-17576a02ab1abce38\" class=\"uvc-heading ult-adjust-bottom-margin ultimate-heading-17576a02ab1abce38 uvc-8535 \" data-hspacer=\"no_spacer\"  data-halign=\"left\" style=\"text-align:left\"><div class=\"uvc-heading-spacer no_spacer\" style=\"top\"><\/div><div class=\"uvc-main-heading ult-responsive\"  data-ultimate-target='.uvc-heading.ultimate-heading-17576a02ab1abce38 h2'  data-responsive-json-new='{\"font-size\":\"desktop:33px;\",\"line-height\":\"\"}' ><h2 style=\"font-family:&#039;Raleway&#039;;font-weight:800;margin-bottom:15px;\">CERTIFICACIONES ISO<\/h2><\/div><\/div>[vc_column_text css=\u00bb\u00bb]MorganTecnica cuenta con las certificaciones ISO 9001 e ISO 45001, que acreditan el compromiso de la empresa con el cumplimiento de altos est\u00e1ndares de calidad y productividad, as\u00ed como una s\u00f3lida orientaci\u00f3n hacia la protecci\u00f3n de la salud y la seguridad en el lugar de trabajo. La empresa ha obtenido asimismo la Certificaci\u00f3n UNI\/PdR 125:2022, que confirma la adopci\u00f3n de un sistema de gesti\u00f3n orientado a la promoci\u00f3n de la igualdad de g\u00e9nero, la igualdad de oportunidades y una cultura corporativa inclusiva y responsable.[\/vc_column_text][\/vc_column][vc_column width=\u00bb1\/3&#8243;]<div class=\"ult-spacer spacer-6a02ab1abce88\" data-id=\"6a02ab1abce88\" data-height=\"90\" data-height-mobile=\"30\" data-height-tab=\"60\" data-height-tab-portrait=\"60\" data-height-mobile-landscape=\"30\" style=\"clear:both;display:block;\"><\/div><a href=\"https:\/\/www.morgantecnica.com\/es\/certificaciones\/\" target=\"_self\"  class=\"qbutton  small qbutton_with_icon icon_right rotate_icon animate_button\" style=\"\">\n\t\t<span class=\"text_holder\"><span class=\"a_overlay\" style=\"\"><\/span><span>IR A CERTIFICACIONES<\/span><span style=\"\" class=\"hidden_text\">IR A CERTIFICACIONES<\/span><\/span>\n\t\t<span class=\"icon_holder\" style=\"\"><span  style=\"\"><i class=\"eltd_icon_font_awesome fa fa-link button_icon\" style=\"\" ><\/i><\/span><span style=\"\" class=\"hidden_icon\"><i class=\"eltd_icon_font_awesome fa fa-link button_icon\" style=\"\" ><\/i><\/span><\/span><\/a>[\/vc_column][\/vc_row][vc_row row_type=\u00bbrow\u00bb use_row_as_full_screen_section=\u00bbno\u00bb type=\u00bbgrid\u00bb text_align=\u00bbleft\u00bb background_color=\u00bb#f9f9f9&#8243; border_color=\u00bb#c8c9cb\u00bb padding_top=\u00bb40&#8243; padding_bottom=\u00bb40&#8243; box_shadow_on_row=\u00bbno\u00bb][vc_column width=\u00bb2\/3&#8243; css=\u00bb.vc_custom_1452790718465{padding-top: 40px !important;padding-bottom: 40px !important;}\u00bb]<div id=\"ultimate-heading-14426a02ab1abcee0\" class=\"uvc-heading ult-adjust-bottom-margin ultimate-heading-14426a02ab1abcee0 uvc-6494 \" data-hspacer=\"no_spacer\"  data-halign=\"left\" style=\"text-align:left\"><div class=\"uvc-heading-spacer no_spacer\" style=\"top\"><\/div><div class=\"uvc-main-heading ult-responsive\"  data-ultimate-target='.uvc-heading.ultimate-heading-14426a02ab1abcee0 h2'  data-responsive-json-new='{\"font-size\":\"desktop:33px;\",\"line-height\":\"\"}' ><h2 style=\"font-family:&#039;Raleway&#039;;font-weight:800;margin-bottom:15px;\">Pol\u00edtica Integrada de Calidad<\/h2><\/div><\/div>[vc_column_text css=\u00bb\u00bb]La Pol\u00edtica Empresarial de Morgan Tecnica SPA se basa en la innovaci\u00f3n continua, la selecci\u00f3n cuidadosa de los proveedores y la formaci\u00f3n constante del personal.<br \/>\nLa empresa se compromete a garantizar la eficiencia, la seguridad en el trabajo, la sostenibilidad ambiental y social, promoviendo la igualdad de g\u00e9nero, asegurando la calidad de los productos y el bienestar de su personal.[\/vc_column_text][\/vc_column][vc_column width=\u00bb1\/3&#8243;]<div class=\"ult-spacer spacer-6a02ab1abcf0e\" data-id=\"6a02ab1abcf0e\" data-height=\"90\" data-height-mobile=\"30\" data-height-tab=\"60\" data-height-tab-portrait=\"60\" data-height-mobile-landscape=\"30\" style=\"clear:both;display:block;\"><\/div><a href=\"https:\/\/www.morgantecnica.com\/wp-content\/uploads\/2024\/10\/politica-integrata-qualita-sicurezza.pdf\" target=\"_blank\"  class=\"qbutton  small qbutton_with_icon icon_right rotate_icon animate_button\" style=\"\">\n\t\t<span class=\"text_holder\"><span class=\"a_overlay\" style=\"\"><\/span><span>Descarga la pol\u00edtica Integrada<\/span><span style=\"\" class=\"hidden_text\">Descarga la pol\u00edtica Integrada<\/span><\/span>\n\t\t<span class=\"icon_holder\" style=\"\"><span  style=\"\"><i class=\"eltd_icon_font_awesome fa fa-file-pdf-o button_icon\" style=\"\" ><\/i><\/span><span style=\"\" class=\"hidden_icon\"><i class=\"eltd_icon_font_awesome fa fa-file-pdf-o button_icon\" style=\"\" ><\/i><\/span><\/span><\/a>[\/vc_column][\/vc_row][vc_row row_type=\u00bbrow\u00bb use_row_as_full_screen_section=\u00bbno\u00bb type=\u00bbgrid\u00bb text_align=\u00bbleft\u00bb background_color=\u00bb#f9f9f9&#8243; border_color=\u00bb#c8c9cb\u00bb padding_top=\u00bb40&#8243; padding_bottom=\u00bb40&#8243; box_shadow_on_row=\u00bbno\u00bb][vc_column width=\u00bb2\/3&#8243; css=\u00bb.vc_custom_1452790718465{padding-top: 40px !important;padding-bottom: 40px !important;}\u00bb]<div id=\"ultimate-heading-10706a02ab1abcf47\" class=\"uvc-heading ult-adjust-bottom-margin ultimate-heading-10706a02ab1abcf47 uvc-2310 \" data-hspacer=\"no_spacer\"  data-halign=\"left\" style=\"text-align:left\"><div class=\"uvc-heading-spacer no_spacer\" style=\"top\"><\/div><div class=\"uvc-main-heading ult-responsive\"  data-ultimate-target='.uvc-heading.ultimate-heading-10706a02ab1abcf47 h2'  data-responsive-json-new='{\"font-size\":\"desktop:33px;\",\"line-height\":\"\"}' ><h2 style=\"font-family:&#039;Raleway&#039;;font-weight:800;margin-bottom:15px;\">Patentes internacionales<\/h2><\/div><\/div>[vc_column_text css=\u00bb\u00bb]MorganTecnica ha solicitado 3 patentes internacionales, dos de las cuales est\u00e1n relacionadas con mecanismos innovadores de recuperaci\u00f3n de energ\u00eda. Estos avances destacan nuestro compromiso de superar los l\u00edmites de la tecnolog\u00eda en la b\u00fasqueda de soluciones m\u00e1s sostenibles y eficientes.[\/vc_column_text][\/vc_column][vc_column width=\u00bb1\/3&#8243;]<div class=\"ult-spacer spacer-6a02ab1abcf70\" data-id=\"6a02ab1abcf70\" data-height=\"90\" data-height-mobile=\"30\" data-height-tab=\"60\" data-height-tab-portrait=\"60\" data-height-mobile-landscape=\"30\" style=\"clear:both;display:block;\"><\/div><a href=\"https:\/\/www.morgantecnica.com\/es\/las-3-patentes-internacionales\/\" target=\"_blank\"  class=\"qbutton  small qbutton_with_icon icon_right rotate_icon animate_button\" style=\"\">\n\t\t<span class=\"text_holder\"><span class=\"a_overlay\" style=\"\"><\/span><span>Ver patentes<\/span><span style=\"\" class=\"hidden_text\">Ver patentes<\/span><\/span>\n\t\t<span class=\"icon_holder\" style=\"\"><span  style=\"\"><i class=\"eltd_icon_font_awesome fa fa-link button_icon\" style=\"\" ><\/i><\/span><span style=\"\" class=\"hidden_icon\"><i class=\"eltd_icon_font_awesome fa fa-link button_icon\" style=\"\" ><\/i><\/span><\/span><\/a>[\/vc_column][\/vc_row][vc_row row_type=\u00bbrow\u00bb use_row_as_full_screen_section=\u00bbno\u00bb type=\u00bbgrid\u00bb text_align=\u00bbleft\u00bb background_color=\u00bb#f9f9f9&#8243; border_color=\u00bb#c8c9cb\u00bb padding_top=\u00bb40&#8243; padding_bottom=\u00bb40&#8243; box_shadow_on_row=\u00bbno\u00bb][vc_column width=\u00bb2\/3&#8243; css=\u00bb.vc_custom_1452790718465{padding-top: 40px !important;padding-bottom: 40px !important;}\u00bb]<div id=\"ultimate-heading-34826a02ab1abcfa5\" class=\"uvc-heading ult-adjust-bottom-margin ultimate-heading-34826a02ab1abcfa5 uvc-7386 \" data-hspacer=\"no_spacer\"  data-halign=\"left\" style=\"text-align:left\"><div class=\"uvc-heading-spacer no_spacer\" style=\"top\"><\/div><div class=\"uvc-main-heading ult-responsive\"  data-ultimate-target='.uvc-heading.ultimate-heading-34826a02ab1abcfa5 h2'  data-responsive-json-new='{\"font-size\":\"desktop:33px;\",\"line-height\":\"\"}' ><h2 style=\"font-family:&#039;Raleway&#039;;font-weight:800;margin-bottom:15px;\">Premios<\/h2><\/div><\/div>[vc_column_text css=\u00bb\u00bb]Nuestra m\u00e1quina de corte REX ha ganado el prestigioso Premio a la Innovaci\u00f3n en el Interzum Forum Italia 2024 y fuimos finalistas en el 18\u00ba Premio de Mecatr\u00f3nica por la Innovaci\u00f3n y la Sostenibilidad. Estos reconocimientos confirman nuestro compromiso de ofrecer soluciones de vanguardia para la eficiencia, la calidad y la sostenibilidad.[\/vc_column_text][\/vc_column][vc_column width=\u00bb1\/3&#8243;]<div class=\"ult-spacer spacer-6a02ab1abcfc9\" data-id=\"6a02ab1abcfc9\" data-height=\"90\" data-height-mobile=\"30\" data-height-tab=\"60\" data-height-tab-portrait=\"60\" data-height-mobile-landscape=\"30\" style=\"clear:both;display:block;\"><\/div><a href=\"https:\/\/www.morgantecnica.com\/wp-content\/uploads\/2024\/08\/Rex-Awards.pdf\" target=\"_self\"  class=\"qbutton  small qbutton_with_icon icon_right rotate_icon animate_button\" style=\"\">\n\t\t<span class=\"text_holder\"><span class=\"a_overlay\" style=\"\"><\/span><span>Descarga la brochure de nuestros premios<\/span><span style=\"\" class=\"hidden_text\">Descarga la brochure de nuestros premios<\/span><\/span>\n\t\t<span class=\"icon_holder\" style=\"\"><span  style=\"\"><i class=\"eltd_icon_font_awesome fa fa-file-pdf-o button_icon\" style=\"\" ><\/i><\/span><span style=\"\" class=\"hidden_icon\"><i class=\"eltd_icon_font_awesome fa fa-file-pdf-o button_icon\" style=\"\" ><\/i><\/span><\/span><\/a><div class=\"ult-spacer spacer-6a02ab1abcff6\" data-id=\"6a02ab1abcff6\" data-height=\"30\" data-height-mobile=\"30\" data-height-tab=\"30\" data-height-tab-portrait=\"\" data-height-mobile-landscape=\"\" style=\"clear:both;display:block;\"><\/div>[\/vc_column][\/vc_row][vc_row row_type=\u00bbrow\u00bb use_row_as_full_screen_section=\u00bbno\u00bb type=\u00bbfull_width\u00bb text_align=\u00bbleft\u00bb box_shadow_on_row=\u00bbno\u00bb][vc_column]<div class=\"templatera_shortcode\"><div class=\"vc_row wpb_row section\" style=' text-align:left;'><div class=\" full_section_inner clearfix\"><div class=\"wpb_column vc_column_container vc_col-sm-12\"><div class=\"vc_column-inner\"><div class=\"wpb_wrapper\">    <div class=\"vc_empty_space\"  style=\"height: 60px\" ><span class=\"vc_empty_space_inner\"><span class=\"empty_space_image\"\n                 ><\/span>\n<\/span><\/div>\n\n<div class=\"call_to_action normal\" style=\"background-color: #f0f0f0;border: 2px solid #f0f0f0;\"><div class=\"container_inner\"><div class=\"call_to_action_row_75_25 clearfix\" style=\"padding: 20px 0 20px 0;\"><div class=\"text_wrapper to_action_column1 to_action_cell\"><div class=\"call_to_action_text call_to_action_custom_font_size\" style=\"font-size:17px;\">Inscr\u00edbete a nuestra newsletter<\/div><\/div><div class=\"button_wrapper to_action_column2 to_action_cell\" style = \"text-align: right\"><a href=\"http:\/\/www.morgantecnica.com\/es\/newsletter\/\" target=\"_self\"  data-hover-color='#ed1a3b' data-hover-background-color='#f0f0f0' data-hover-border-color='#666666'data-hover-animated-background-color=#f0f0f0  class=\"qbutton qbutton_with_icon rotate_text_and_icon animate_button icon_right\" style=\"color: #666666;background-color: #f0f0f0;border-width: 2px;border-color: #666666;border-radius: 0px;-moz-border-radius: 0px;-webkit-border-radius: 0px; \">\n\t\t<span class=\"text_holder\"><span class=\"a_overlay\"><\/span><span>Inscr\u00edbete<\/span><span  class=\"hidden_text\">Inscr\u00edbete<\/span><\/span>\n\t\t<span class=\"icon_holder\" style=\"color: #666666;font-size: 19px;border-left-color: #666666; \"><span><span aria-hidden=\"true\" class=\"eltd_icon_font_elegant arrow_carrot-right button_icon\" style=\"color: #666666;font-size: 19px;\" ><\/span><\/span><span class=\"hidden_icon\"><span aria-hidden=\"true\" class=\"eltd_icon_font_elegant arrow_carrot-right button_icon\" style=\"color: #666666;font-size: 19px;\" ><\/span><\/span><\/span><\/a><\/div><\/div><\/div><\/div><\/div><\/div><\/div><\/div><\/div>\r\n<\/div>[\/vc_column][\/vc_row]<\/p>\n<\/div>","protected":false},"excerpt":{"rendered":"CERTIFICACIONES ISO MorganTecnica cuenta con las certificaciones ISO 9001 e ISO 45001, que acreditan el compromiso de la empresa con el cumplimiento de altos est\u00e1ndares de calidad y productividad, as\u00ed como una s\u00f3lida orientaci\u00f3n hacia la protecci\u00f3n de la salud y la seguridad en el...","protected":false},"author":1,"featured_media":0,"parent":0,"menu_order":3,"comment_status":"closed","ping_status":"closed","template":"full_width.php","meta":{"rs_blank_template":"","rs_page_bg_color":"","slide_template_v7":"","footnotes":""},"class_list":["post-365897","page","type-page","status-publish","hentry"],"yoast_head":"<!-- This site is optimized with the Yoast SEO plugin v27.5 - https:\/\/yoast.com\/product\/yoast-seo-wordpress\/ -->\n<title>Premios y certificaciones - MorganTecnica<\/title>\n<meta name=\"robots\" content=\"index, follow, max-snippet:-1, max-image-preview:large, max-video-preview:-1\" \/>\n<link rel=\"canonical\" href=\"https:\/\/www.morgantecnica.com\/es\/premios-y-certificaciones\/\" \/>\n<meta property=\"og:locale\" content=\"es_ES\" \/>\n<meta property=\"og:type\" content=\"article\" \/>\n<meta property=\"og:title\" content=\"Premios y certificaciones - MorganTecnica\" \/>\n<meta property=\"og:url\" content=\"https:\/\/www.morgantecnica.com\/es\/premios-y-certificaciones\/\" \/>\n<meta property=\"og:site_name\" content=\"MorganTecnica\" \/>\n<meta property=\"article:publisher\" content=\"https:\/\/www.facebook.com\/MorganTecnica\/\" \/>\n<meta property=\"article:modified_time\" content=\"2026-02-05T10:04:50+00:00\" \/>\n<meta name=\"twitter:card\" content=\"summary_large_image\" \/>\n<meta name=\"twitter:site\" content=\"@MorganTecnica\" \/>\n<meta name=\"twitter:label1\" content=\"Tiempo de lectura\" \/>\n\t<meta name=\"twitter:data1\" content=\"2 minutos\" \/>\n<script type=\"application\/ld+json\" class=\"yoast-schema-graph\">{\"@context\":\"https:\\\/\\\/schema.org\",\"@graph\":[{\"@type\":\"WebPage\",\"@id\":\"https:\\\/\\\/www.morgantecnica.com\\\/es\\\/premios-y-certificaciones\\\/\",\"url\":\"https:\\\/\\\/www.morgantecnica.com\\\/es\\\/premios-y-certificaciones\\\/\",\"name\":\"Premios y certificaciones - MorganTecnica\",\"isPartOf\":{\"@id\":\"https:\\\/\\\/www.morgantecnica.com\\\/es\\\/#website\"},\"datePublished\":\"2024-10-29T09:16:06+00:00\",\"dateModified\":\"2026-02-05T10:04:50+00:00\",\"breadcrumb\":{\"@id\":\"https:\\\/\\\/www.morgantecnica.com\\\/es\\\/premios-y-certificaciones\\\/#breadcrumb\"},\"inLanguage\":\"es\",\"potentialAction\":[{\"@type\":\"ReadAction\",\"target\":[\"https:\\\/\\\/www.morgantecnica.com\\\/es\\\/premios-y-certificaciones\\\/\"]}]},{\"@type\":\"BreadcrumbList\",\"@id\":\"https:\\\/\\\/www.morgantecnica.com\\\/es\\\/premios-y-certificaciones\\\/#breadcrumb\",\"itemListElement\":[{\"@type\":\"ListItem\",\"position\":1,\"name\":\"Home\",\"item\":\"https:\\\/\\\/www.morgantecnica.com\\\/es\\\/\"},{\"@type\":\"ListItem\",\"position\":2,\"name\":\"Premios y certificaciones\"}]},{\"@type\":\"WebSite\",\"@id\":\"https:\\\/\\\/www.morgantecnica.com\\\/es\\\/#website\",\"url\":\"https:\\\/\\\/www.morgantecnica.com\\\/es\\\/\",\"name\":\"MorganTecnica\",\"description\":\"\",\"potentialAction\":[{\"@type\":\"SearchAction\",\"target\":{\"@type\":\"EntryPoint\",\"urlTemplate\":\"https:\\\/\\\/www.morgantecnica.com\\\/es\\\/?s={search_term_string}\"},\"query-input\":{\"@type\":\"PropertyValueSpecification\",\"valueRequired\":true,\"valueName\":\"search_term_string\"}}],\"inLanguage\":\"es\"}]}<\/script>\n<!-- \/ Yoast SEO plugin. -->","yoast_head_json":{"title":"Premios y certificaciones - MorganTecnica","robots":{"index":"index","follow":"follow","max-snippet":"max-snippet:-1","max-image-preview":"max-image-preview:large","max-video-preview":"max-video-preview:-1"},"canonical":"https:\/\/www.morgantecnica.com\/es\/premios-y-certificaciones\/","og_locale":"es_ES","og_type":"article","og_title":"Premios y certificaciones - MorganTecnica","og_url":"https:\/\/www.morgantecnica.com\/es\/premios-y-certificaciones\/","og_site_name":"MorganTecnica","article_publisher":"https:\/\/www.facebook.com\/MorganTecnica\/","article_modified_time":"2026-02-05T10:04:50+00:00","twitter_card":"summary_large_image","twitter_site":"@MorganTecnica","twitter_misc":{"Tiempo de lectura":"2 minutos"},"schema":{"@context":"https:\/\/schema.org","@graph":[{"@type":"WebPage","@id":"https:\/\/www.morgantecnica.com\/es\/premios-y-certificaciones\/","url":"https:\/\/www.morgantecnica.com\/es\/premios-y-certificaciones\/","name":"Premios y certificaciones - MorganTecnica","isPartOf":{"@id":"https:\/\/www.morgantecnica.com\/es\/#website"},"datePublished":"2024-10-29T09:16:06+00:00","dateModified":"2026-02-05T10:04:50+00:00","breadcrumb":{"@id":"https:\/\/www.morgantecnica.com\/es\/premios-y-certificaciones\/#breadcrumb"},"inLanguage":"es","potentialAction":[{"@type":"ReadAction","target":["https:\/\/www.morgantecnica.com\/es\/premios-y-certificaciones\/"]}]},{"@type":"BreadcrumbList","@id":"https:\/\/www.morgantecnica.com\/es\/premios-y-certificaciones\/#breadcrumb","itemListElement":[{"@type":"ListItem","position":1,"name":"Home","item":"https:\/\/www.morgantecnica.com\/es\/"},{"@type":"ListItem","position":2,"name":"Premios y certificaciones"}]},{"@type":"WebSite","@id":"https:\/\/www.morgantecnica.com\/es\/#website","url":"https:\/\/www.morgantecnica.com\/es\/","name":"MorganTecnica","description":"","potentialAction":[{"@type":"SearchAction","target":{"@type":"EntryPoint","urlTemplate":"https:\/\/www.morgantecnica.com\/es\/?s={search_term_string}"},"query-input":{"@type":"PropertyValueSpecification","valueRequired":true,"valueName":"search_term_string"}}],"inLanguage":"es"}]}},"_links":{"self":[{"href":"https:\/\/www.morgantecnica.com\/es\/wp-json\/wp\/v2\/pages\/365897","targetHints":{"allow":["GET"]}}],"collection":[{"href":"https:\/\/www.morgantecnica.com\/es\/wp-json\/wp\/v2\/pages"}],"about":[{"href":"https:\/\/www.morgantecnica.com\/es\/wp-json\/wp\/v2\/types\/page"}],"author":[{"embeddable":true,"href":"https:\/\/www.morgantecnica.com\/es\/wp-json\/wp\/v2\/users\/1"}],"replies":[{"embeddable":true,"href":"https:\/\/www.morgantecnica.com\/es\/wp-json\/wp\/v2\/comments?post=365897"}],"version-history":[{"count":0,"href":"https:\/\/www.morgantecnica.com\/es\/wp-json\/wp\/v2\/pages\/365897\/revisions"}],"wp:attachment":[{"href":"https:\/\/www.morgantecnica.com\/es\/wp-json\/wp\/v2\/media?parent=365897"}],"curies":[{"name":"wp","href":"https:\/\/api.w.org\/{rel}","templated":true}]}}