{"id":366342,"date":"2025-03-11T11:29:55","date_gmt":"2025-03-11T10:29:55","guid":{"rendered":"https:\/\/www.morgantecnica.com\/?page_id=366342"},"modified":"2026-02-05T11:24:56","modified_gmt":"2026-02-05T10:24:56","slug":"certificaciones","status":"publish","type":"page","link":"https:\/\/www.morgantecnica.com\/es\/certificaciones\/","title":{"rendered":"Certificaciones"},"content":{"rendered":"<div class=\"wpb-content-wrapper\"><p>[vc_row row_type=\u00bbrow\u00bb use_row_as_full_screen_section=\u00bbno\u00bb type=\u00bbfull_width\u00bb text_align=\u00bbleft\u00bb background_color=\u00bb#FFFFFF\u00bb border_top_color=\u00bb#00000000&#8243; border_color=\u00bb#00000000&#8243; padding_top=\u00bb40&#8243; padding_bottom=\u00bb40&#8243; box_shadow_on_row=\u00bbno\u00bb][vc_column width=\u00bb1\/12&#8243; css=\u00bb.vc_custom_1741685809044{padding-top: 40px !important;padding-bottom: 40px !important;}\u00bb offset=\u00bbvc_col-lg-offset-4 vc_col-lg-4 vc_col-md-offset-4 vc_col-md-4&#8243;]<div id=\"ultimate-heading-71146a04c353b2778\" class=\"uvc-heading ult-adjust-bottom-margin ultimate-heading-71146a04c353b2778 uvc-4672 \" data-hspacer=\"no_spacer\"  data-halign=\"center\" style=\"text-align:center\"><div class=\"uvc-heading-spacer no_spacer\" style=\"top\"><\/div><div class=\"uvc-main-heading ult-responsive\"  data-ultimate-target='.uvc-heading.ultimate-heading-71146a04c353b2778 h2'  data-responsive-json-new='{\"font-size\":\"desktop:33px;\",\"line-height\":\"\"}' ><h2 style=\"font-family:&#039;Raleway&#039;;font-weight:800;margin-bottom:15px;\">CERTIFICACI\u00d3N ISO 9001<\/h2><\/div><\/div>[vc_column_text css=\u00bb\u00bb]<\/p>\n<p style=\"text-align: center;\">Nuestra empresa cuenta con la certificaci\u00f3n <strong>ISO 9001<\/strong>, un reconocimiento que demuestra nuestro compromiso constante con el cumplimiento de altos est\u00e1ndares de calidad, la optimizaci\u00f3n de los procesos internos y la plena satisfacci\u00f3n de las necesidades de nuestros clientes.<\/p>\n<p>[\/vc_column_text]<div class=\"ult-spacer spacer-6a04c353b27c9\" data-id=\"6a04c353b27c9\" data-height=\"60\" data-height-mobile=\"20\" data-height-tab=\"45\" data-height-tab-portrait=\"30\" data-height-mobile-landscape=\"20\" style=\"clear:both;display:block;\"><\/div><div id=\"ultimate-heading-20846a04c353b27eb\" class=\"uvc-heading ult-adjust-bottom-margin ultimate-heading-20846a04c353b27eb uvc-2062 \" data-hspacer=\"no_spacer\"  data-halign=\"center\" style=\"text-align:center\"><div class=\"uvc-heading-spacer no_spacer\" style=\"top\"><\/div><div class=\"uvc-main-heading ult-responsive\"  data-ultimate-target='.uvc-heading.ultimate-heading-20846a04c353b27eb h2'  data-responsive-json-new='{\"font-size\":\"desktop:33px;\",\"line-height\":\"\"}' ><h2 style=\"font-family:&#039;Raleway&#039;;font-weight:800;margin-bottom:15px;\">CERTIFICACI\u00d3N ISO 45001<\/h2><\/div><\/div>[vc_column_text css=\u00bb\u00bb]<\/p>\n<p style=\"text-align: center;\">Nuestra empresa cuenta con la certificaci\u00f3n <strong>ISO 45001<\/strong>, un reconocimiento que confirma nuestro compromiso con la salud y la seguridad en el trabajo, mediante la adopci\u00f3n de est\u00e1ndares rigurosos y procesos destinados a crear un entorno laboral seguro y protegido para todos.<\/p>\n<p>[\/vc_column_text]<div class=\"ult-spacer spacer-6a04c353b281e\" data-id=\"6a04c353b281e\" data-height=\"60\" data-height-mobile=\"20\" data-height-tab=\"45\" data-height-tab-portrait=\"30\" data-height-mobile-landscape=\"20\" style=\"clear:both;display:block;\"><\/div><div id=\"ultimate-heading-20526a04c353b2837\" class=\"uvc-heading ult-adjust-bottom-margin ultimate-heading-20526a04c353b2837 uvc-5065 \" data-hspacer=\"no_spacer\"  data-halign=\"center\" style=\"text-align:center\"><div class=\"uvc-heading-spacer no_spacer\" style=\"top\"><\/div><div class=\"uvc-main-heading ult-responsive\"  data-ultimate-target='.uvc-heading.ultimate-heading-20526a04c353b2837 h2'  data-responsive-json-new='{\"font-size\":\"desktop:33px;\",\"line-height\":\"\"}' ><h2 style=\"font-family:&#039;Raleway&#039;;font-weight:800;margin-bottom:15px;\">CERTIFICACI\u00d3N ISO 45001<\/h2><\/div><\/div>[vc_column_text css=\u00bb\u00bb]<\/p>\n<p style=\"text-align: center;\">Nuestra empresa cuenta con la certificaci\u00f3n <strong>ISO 45001<\/strong>, un reconocimiento que confirma nuestro compromiso con la salud y la seguridad en el trabajo, mediante la adopci\u00f3n de est\u00e1ndares rigurosos y procesos destinados a crear un entorno laboral seguro y protegido para todos.<\/p>\n<p>[\/vc_column_text]<div class=\"ult-spacer spacer-6a04c353b285c\" data-id=\"6a04c353b285c\" data-height=\"60\" data-height-mobile=\"20\" data-height-tab=\"45\" data-height-tab-portrait=\"30\" data-height-mobile-landscape=\"20\" style=\"clear:both;display:block;\"><\/div>[vc_row_inner row_type=\u00bbrow\u00bb type=\u00bbfull_width\u00bb use_row_as_full_screen_section_slide=\u00bbno\u00bb text_align=\u00bbcenter\u00bb box_shadow_on_row=\u00bbno\u00bb][vc_column_inner]<a href=\"https:\/\/www.morgantecnica.com\/wp-content\/uploads\/2026\/02\/Certificazioni-ISO.pdf\" target=\"_blank\"  class=\"qbutton  small qbutton_with_icon icon_right rotate_icon animate_button\" style=\"margin: 0 auto; \">\n\t\t<span class=\"text_holder\"><span class=\"a_overlay\" style=\"\"><\/span><span>DESCARGAR LAS CERTIFICACIONES<\/span><span style=\"\" class=\"hidden_text\">DESCARGAR LAS CERTIFICACIONES<\/span><\/span>\n\t\t<span class=\"icon_holder\" style=\"\"><span  style=\"\"><i class=\"eltd_icon_font_awesome fa fa-link button_icon\" style=\"\" ><\/i><\/span><span style=\"\" class=\"hidden_icon\"><i class=\"eltd_icon_font_awesome fa fa-link button_icon\" style=\"\" ><\/i><\/span><\/span><\/a>[\/vc_column_inner][\/vc_row_inner][\/vc_column][\/vc_row][vc_row row_type=\u00bbrow\u00bb use_row_as_full_screen_section=\u00bbno\u00bb type=\u00bbgrid\u00bb text_align=\u00bbleft\u00bb background_color=\u00bb#f9f9f9&#8243; border_top_color=\u00bb#00000000&#8243; border_color=\u00bb#00000000&#8243; padding_top=\u00bb40&#8243; padding_bottom=\u00bb40&#8243; box_shadow_on_row=\u00bbno\u00bb][vc_column css=\u00bb.vc_custom_1452790718465{padding-top: 40px !important;padding-bottom: 40px !important;}\u00bb][vc_single_image image=\u00bb367087&#8243; img_size=\u00bblarge\u00bb alignment=\u00bbcenter\u00bb css=\u00bb\u00bb][\/vc_column][\/vc_row][vc_row row_type=\u00bbrow\u00bb use_row_as_full_screen_section=\u00bbno\u00bb type=\u00bbfull_width\u00bb text_align=\u00bbleft\u00bb box_shadow_on_row=\u00bbno\u00bb][vc_column]<div class=\"templatera_shortcode\"><div class=\"vc_row wpb_row section\" style=' text-align:left;'><div class=\" full_section_inner clearfix\"><div class=\"wpb_column vc_column_container vc_col-sm-12\"><div class=\"vc_column-inner\"><div class=\"wpb_wrapper\">    <div class=\"vc_empty_space\"  style=\"height: 60px\" ><span class=\"vc_empty_space_inner\"><span class=\"empty_space_image\"\n                 ><\/span>\n<\/span><\/div>\n\n<div class=\"call_to_action normal\" style=\"background-color: #f0f0f0;border: 2px solid #f0f0f0;\"><div class=\"container_inner\"><div class=\"call_to_action_row_75_25 clearfix\" style=\"padding: 20px 0 20px 0;\"><div class=\"text_wrapper to_action_column1 to_action_cell\"><div class=\"call_to_action_text call_to_action_custom_font_size\" style=\"font-size:17px;\">Inscr\u00edbete a nuestra newsletter<\/div><\/div><div class=\"button_wrapper to_action_column2 to_action_cell\" style = \"text-align: right\"><a href=\"http:\/\/www.morgantecnica.com\/es\/newsletter\/\" target=\"_self\"  data-hover-color='#ed1a3b' data-hover-background-color='#f0f0f0' data-hover-border-color='#666666'data-hover-animated-background-color=#f0f0f0  class=\"qbutton qbutton_with_icon rotate_text_and_icon animate_button icon_right\" style=\"color: #666666;background-color: #f0f0f0;border-width: 2px;border-color: #666666;border-radius: 0px;-moz-border-radius: 0px;-webkit-border-radius: 0px; \">\n\t\t<span class=\"text_holder\"><span class=\"a_overlay\"><\/span><span>Inscr\u00edbete<\/span><span  class=\"hidden_text\">Inscr\u00edbete<\/span><\/span>\n\t\t<span class=\"icon_holder\" style=\"color: #666666;font-size: 19px;border-left-color: #666666; \"><span><span aria-hidden=\"true\" class=\"eltd_icon_font_elegant arrow_carrot-right button_icon\" style=\"color: #666666;font-size: 19px;\" ><\/span><\/span><span class=\"hidden_icon\"><span aria-hidden=\"true\" class=\"eltd_icon_font_elegant arrow_carrot-right button_icon\" style=\"color: #666666;font-size: 19px;\" ><\/span><\/span><\/span><\/a><\/div><\/div><\/div><\/div><\/div><\/div><\/div><\/div><\/div>\r\n<\/div>[\/vc_column][\/vc_row]<\/p>\n<\/div>","protected":false},"excerpt":{"rendered":"CERTIFICACI\u00d3N ISO 9001 Nuestra empresa cuenta con la certificaci\u00f3n ISO 9001, un reconocimiento que demuestra nuestro compromiso constante con el cumplimiento de altos est\u00e1ndares de calidad, la optimizaci\u00f3n de los procesos internos y la plena satisfacci\u00f3n de las necesidades de nuestros clientes. CERTIFICACI\u00d3N ISO 45001...","protected":false},"author":1,"featured_media":0,"parent":0,"menu_order":3,"comment_status":"closed","ping_status":"closed","template":"full_width.php","meta":{"rs_blank_template":"","rs_page_bg_color":"","slide_template_v7":"","footnotes":""},"class_list":["post-366342","page","type-page","status-publish","hentry"],"yoast_head":"<!-- This site is optimized with the Yoast SEO plugin v27.5 - https:\/\/yoast.com\/product\/yoast-seo-wordpress\/ -->\n<title>Certificaciones - MorganTecnica<\/title>\n<meta name=\"robots\" content=\"index, follow, max-snippet:-1, max-image-preview:large, max-video-preview:-1\" \/>\n<link rel=\"canonical\" href=\"https:\/\/www.morgantecnica.com\/es\/certificaciones\/\" \/>\n<meta property=\"og:locale\" content=\"es_ES\" \/>\n<meta property=\"og:type\" content=\"article\" \/>\n<meta property=\"og:title\" content=\"Certificaciones - MorganTecnica\" \/>\n<meta property=\"og:url\" content=\"https:\/\/www.morgantecnica.com\/es\/certificaciones\/\" \/>\n<meta property=\"og:site_name\" content=\"MorganTecnica\" \/>\n<meta property=\"article:publisher\" content=\"https:\/\/www.facebook.com\/MorganTecnica\/\" \/>\n<meta property=\"article:modified_time\" content=\"2026-02-05T10:24:56+00:00\" \/>\n<meta name=\"twitter:card\" content=\"summary_large_image\" \/>\n<meta name=\"twitter:site\" content=\"@MorganTecnica\" \/>\n<meta name=\"twitter:label1\" content=\"Tiempo de lectura\" \/>\n\t<meta name=\"twitter:data1\" content=\"2 minutos\" \/>\n<script type=\"application\/ld+json\" class=\"yoast-schema-graph\">{\"@context\":\"https:\\\/\\\/schema.org\",\"@graph\":[{\"@type\":\"WebPage\",\"@id\":\"https:\\\/\\\/www.morgantecnica.com\\\/es\\\/certificaciones\\\/\",\"url\":\"https:\\\/\\\/www.morgantecnica.com\\\/es\\\/certificaciones\\\/\",\"name\":\"Certificaciones - MorganTecnica\",\"isPartOf\":{\"@id\":\"https:\\\/\\\/www.morgantecnica.com\\\/es\\\/#website\"},\"datePublished\":\"2025-03-11T10:29:55+00:00\",\"dateModified\":\"2026-02-05T10:24:56+00:00\",\"breadcrumb\":{\"@id\":\"https:\\\/\\\/www.morgantecnica.com\\\/es\\\/certificaciones\\\/#breadcrumb\"},\"inLanguage\":\"es\",\"potentialAction\":[{\"@type\":\"ReadAction\",\"target\":[\"https:\\\/\\\/www.morgantecnica.com\\\/es\\\/certificaciones\\\/\"]}]},{\"@type\":\"BreadcrumbList\",\"@id\":\"https:\\\/\\\/www.morgantecnica.com\\\/es\\\/certificaciones\\\/#breadcrumb\",\"itemListElement\":[{\"@type\":\"ListItem\",\"position\":1,\"name\":\"Home\",\"item\":\"https:\\\/\\\/www.morgantecnica.com\\\/es\\\/\"},{\"@type\":\"ListItem\",\"position\":2,\"name\":\"Certificaciones\"}]},{\"@type\":\"WebSite\",\"@id\":\"https:\\\/\\\/www.morgantecnica.com\\\/es\\\/#website\",\"url\":\"https:\\\/\\\/www.morgantecnica.com\\\/es\\\/\",\"name\":\"MorganTecnica\",\"description\":\"\",\"potentialAction\":[{\"@type\":\"SearchAction\",\"target\":{\"@type\":\"EntryPoint\",\"urlTemplate\":\"https:\\\/\\\/www.morgantecnica.com\\\/es\\\/?s={search_term_string}\"},\"query-input\":{\"@type\":\"PropertyValueSpecification\",\"valueRequired\":true,\"valueName\":\"search_term_string\"}}],\"inLanguage\":\"es\"}]}<\/script>\n<!-- \/ Yoast SEO plugin. -->","yoast_head_json":{"title":"Certificaciones - MorganTecnica","robots":{"index":"index","follow":"follow","max-snippet":"max-snippet:-1","max-image-preview":"max-image-preview:large","max-video-preview":"max-video-preview:-1"},"canonical":"https:\/\/www.morgantecnica.com\/es\/certificaciones\/","og_locale":"es_ES","og_type":"article","og_title":"Certificaciones - MorganTecnica","og_url":"https:\/\/www.morgantecnica.com\/es\/certificaciones\/","og_site_name":"MorganTecnica","article_publisher":"https:\/\/www.facebook.com\/MorganTecnica\/","article_modified_time":"2026-02-05T10:24:56+00:00","twitter_card":"summary_large_image","twitter_site":"@MorganTecnica","twitter_misc":{"Tiempo de lectura":"2 minutos"},"schema":{"@context":"https:\/\/schema.org","@graph":[{"@type":"WebPage","@id":"https:\/\/www.morgantecnica.com\/es\/certificaciones\/","url":"https:\/\/www.morgantecnica.com\/es\/certificaciones\/","name":"Certificaciones - MorganTecnica","isPartOf":{"@id":"https:\/\/www.morgantecnica.com\/es\/#website"},"datePublished":"2025-03-11T10:29:55+00:00","dateModified":"2026-02-05T10:24:56+00:00","breadcrumb":{"@id":"https:\/\/www.morgantecnica.com\/es\/certificaciones\/#breadcrumb"},"inLanguage":"es","potentialAction":[{"@type":"ReadAction","target":["https:\/\/www.morgantecnica.com\/es\/certificaciones\/"]}]},{"@type":"BreadcrumbList","@id":"https:\/\/www.morgantecnica.com\/es\/certificaciones\/#breadcrumb","itemListElement":[{"@type":"ListItem","position":1,"name":"Home","item":"https:\/\/www.morgantecnica.com\/es\/"},{"@type":"ListItem","position":2,"name":"Certificaciones"}]},{"@type":"WebSite","@id":"https:\/\/www.morgantecnica.com\/es\/#website","url":"https:\/\/www.morgantecnica.com\/es\/","name":"MorganTecnica","description":"","potentialAction":[{"@type":"SearchAction","target":{"@type":"EntryPoint","urlTemplate":"https:\/\/www.morgantecnica.com\/es\/?s={search_term_string}"},"query-input":{"@type":"PropertyValueSpecification","valueRequired":true,"valueName":"search_term_string"}}],"inLanguage":"es"}]}},"_links":{"self":[{"href":"https:\/\/www.morgantecnica.com\/es\/wp-json\/wp\/v2\/pages\/366342","targetHints":{"allow":["GET"]}}],"collection":[{"href":"https:\/\/www.morgantecnica.com\/es\/wp-json\/wp\/v2\/pages"}],"about":[{"href":"https:\/\/www.morgantecnica.com\/es\/wp-json\/wp\/v2\/types\/page"}],"author":[{"embeddable":true,"href":"https:\/\/www.morgantecnica.com\/es\/wp-json\/wp\/v2\/users\/1"}],"replies":[{"embeddable":true,"href":"https:\/\/www.morgantecnica.com\/es\/wp-json\/wp\/v2\/comments?post=366342"}],"version-history":[{"count":0,"href":"https:\/\/www.morgantecnica.com\/es\/wp-json\/wp\/v2\/pages\/366342\/revisions"}],"wp:attachment":[{"href":"https:\/\/www.morgantecnica.com\/es\/wp-json\/wp\/v2\/media?parent=366342"}],"curies":[{"name":"wp","href":"https:\/\/api.w.org\/{rel}","templated":true}]}}